{"id":1124,"date":"2023-09-21T20:02:56","date_gmt":"2023-09-21T20:02:56","guid":{"rendered":"https:\/\/gramentheme.com\/wp\/foresty\/?page_id=1124"},"modified":"2025-06-11T19:25:59","modified_gmt":"2025-06-11T19:25:59","slug":"contato","status":"publish","type":"page","link":"https:\/\/projeto85.doi2versos.com.br\/index.php\/contato\/","title":{"rendered":"Contato"},"content":{"rendered":"\t\t<div data-elementor-type=\"wp-page\" data-elementor-id=\"1124\" class=\"elementor elementor-1124\" data-elementor-post-type=\"page\">\n\t\t\t\t\t\t<section class=\"elementor-section elementor-top-section elementor-element elementor-element-95730d0 elementor-section-boxed elementor-section-height-default elementor-section-height-default\" data-id=\"95730d0\" data-element_type=\"section\">\n\t\t\t\t\t\t<div class=\"elementor-container elementor-column-gap-default\">\n\t\t\t\t\t<div class=\"elementor-column elementor-col-50 elementor-top-column elementor-element elementor-element-4413dd7\" data-id=\"4413dd7\" data-element_type=\"column\" data-settings=\"{&quot;background_background&quot;:&quot;classic&quot;}\">\n\t\t\t<div class=\"elementor-widget-wrap elementor-element-populated\">\n\t\t\t\t\t<div class=\"elementor-background-overlay\"><\/div>\n\t\t\t\t\t\t<div class=\"elementor-element elementor-element-eb3e773 elementor-widget elementor-widget-foresty-contact-widget\" data-id=\"eb3e773\" data-element_type=\"widget\" data-widget_type=\"foresty-contact-widget.default\">\n\t\t\t\t<div class=\"elementor-widget-container\">\n\t\t\t\t\t\r\n        <div class=\"contact\">\r\n            <div class=\"content\">\r\n                <h2>Entre em\n<br> contato conosco <\/h2>\r\n                <p class=\"text-white\">Envie sua mensagem e entraremos em contato o mais breve poss\u00edvel. Se preferir, utilize nossos canais de atendimento direto.<\/p>\r\n                <div class=\"arry\"><img decoding=\"async\" src=\"https:\/\/projeto85.doi2versos.com.br\/wp-content\/uploads\/2023\/09\/arry.png\" alt=\"img\"><\/div>\r\n                <ul class=\"p-0 m-0\">\r\n                                            <li>\r\n                                                        Rua Dr. Jo\u00e3o Elisio 33A                        <\/li>\r\n                                            <li>\r\n                                                        (81) 97101-6266                        <\/li>\r\n                                            <li>\r\n                                                        isemprealerta@gmail.com                        <\/li>\r\n                                    <\/ul>\r\n            <\/div>\r\n        <\/div>\r\n\r\n        \t\t\t\t<\/div>\n\t\t\t\t<\/div>\n\t\t\t\t\t<\/div>\n\t\t<\/div>\n\t\t\t\t<div class=\"elementor-column elementor-col-50 elementor-top-column elementor-element elementor-element-a8c5ac4\" data-id=\"a8c5ac4\" data-element_type=\"column\">\n\t\t\t<div class=\"elementor-widget-wrap elementor-element-populated\">\n\t\t\t\t\t\t<div class=\"elementor-element elementor-element-25f25da elementor-widget elementor-widget-shortcode\" data-id=\"25f25da\" data-element_type=\"widget\" data-widget_type=\"shortcode.default\">\n\t\t\t\t<div class=\"elementor-widget-container\">\n\t\t\t\t\t\t\t<div class=\"elementor-shortcode\">\n<div class=\"wpcf7 no-js\" id=\"wpcf7-f1435-o1\" lang=\"en-US\" dir=\"ltr\" data-wpcf7-id=\"1435\">\n<div class=\"screen-reader-response\"><p role=\"status\" aria-live=\"polite\" aria-atomic=\"true\"><\/p> <ul><\/ul><\/div>\n<form action=\"\/index.php\/wp-json\/wp\/v2\/pages\/1124#wpcf7-f1435-o1\" method=\"post\" class=\"wpcf7-form init\" aria-label=\"Contact form\" novalidate=\"novalidate\" data-status=\"init\">\n<div style=\"display: none;\">\n<input type=\"hidden\" name=\"_wpcf7\" value=\"1435\" \/>\n<input type=\"hidden\" name=\"_wpcf7_version\" value=\"6.0.6\" \/>\n<input type=\"hidden\" name=\"_wpcf7_locale\" value=\"en_US\" \/>\n<input type=\"hidden\" name=\"_wpcf7_unit_tag\" value=\"wpcf7-f1435-o1\" \/>\n<input type=\"hidden\" name=\"_wpcf7_container_post\" value=\"0\" \/>\n<input type=\"hidden\" name=\"_wpcf7_posted_data_hash\" value=\"\" \/>\n<\/div>\n<div class=\"contact\">\n    <div class=\"form-area\">\n        <div class=\"form\">\n            <input type=\"text\" placeholder=\"Nome Completo\">\n            <input type=\"email\" placeholder=\"Email\">\n            <input type=\"subject\" placeholder=\"Assunto\">\n            <textarea name=\"Your Review\" id=\"massage\" placeholder=\"Messagem...\"><\/textarea>\n            <div class=\"radio-btn mt-3\">\n                <span><\/span>\n                <p>Aceito seus termos e condi\u00e7\u00f5es Enviar<\/p>\n            <\/div>\n            <button class=\"mt-40\">Enviar <i class=\"fa-solid fa-arrow-right-long\"><\/i><\/button>\n        <\/div>\n    <\/div>\n<\/div><div class=\"wpcf7-response-output\" aria-hidden=\"true\"><\/div>\n<\/form>\n<\/div>\n<\/div>\n\t\t\t\t\t\t<\/div>\n\t\t\t\t<\/div>\n\t\t\t\t\t<\/div>\n\t\t<\/div>\n\t\t\t\t\t<\/div>\n\t\t<\/section>\n\t\t\t\t<section class=\"elementor-section elementor-top-section elementor-element elementor-element-042c497 elementor-section-boxed elementor-section-height-default elementor-section-height-default\" data-id=\"042c497\" data-element_type=\"section\" data-settings=\"{&quot;background_background&quot;:&quot;classic&quot;}\">\n\t\t\t\t\t\t<div class=\"elementor-container elementor-column-gap-default\">\n\t\t\t\t\t<div class=\"elementor-column elementor-col-100 elementor-top-column elementor-element elementor-element-2027ee7\" data-id=\"2027ee7\" data-element_type=\"column\">\n\t\t\t<div class=\"elementor-widget-wrap elementor-element-populated\">\n\t\t\t\t\t\t<section class=\"elementor-section elementor-inner-section elementor-element elementor-element-71318ca footer-text-white elementor-section-boxed elementor-section-height-default elementor-section-height-default\" data-id=\"71318ca\" data-element_type=\"section\" data-settings=\"{&quot;background_background&quot;:&quot;classic&quot;}\">\n\t\t\t\t\t\t<div class=\"elementor-container elementor-column-gap-default\">\n\t\t\t\t\t<div class=\"elementor-column elementor-col-25 elementor-inner-column elementor-element elementor-element-08b25cb\" data-id=\"08b25cb\" data-element_type=\"column\" data-settings=\"{&quot;background_background&quot;:&quot;classic&quot;}\">\n\t\t\t<div class=\"elementor-widget-wrap elementor-element-populated\">\n\t\t\t\t\t\t<div class=\"elementor-element elementor-element-2ff67ea elementor-widget elementor-widget-image\" data-id=\"2ff67ea\" data-element_type=\"widget\" data-widget_type=\"image.default\">\n\t\t\t\t<div class=\"elementor-widget-container\">\n\t\t\t\t\t\t\t\t\t\t\t\t\t\t\t<img decoding=\"async\" src=\"https:\/\/projeto85.doi2versos.com.br\/wp-content\/uploads\/2023\/09\/logo-light-1.svg\" title=\"logo-light\" alt=\"logo-light\" loading=\"lazy\" \/>\t\t\t\t\t\t\t\t\t\t\t\t\t\t\t<\/div>\n\t\t\t\t<\/div>\n\t\t\t\t<div class=\"elementor-element elementor-element-9962577 elementor-widget elementor-widget-heading\" data-id=\"9962577\" data-element_type=\"widget\" data-widget_type=\"heading.default\">\n\t\t\t\t<div class=\"elementor-widget-container\">\n\t\t\t\t\t<p class=\"elementor-heading-title elementor-size-default\">Desde 1917, educando gera\u00e7\u00f5es e formando l\u00edderes para um futuro melhor. Compromisso com valores escoteiros e a comunidade.<\/p>\t\t\t\t<\/div>\n\t\t\t\t<\/div>\n\t\t\t\t<div class=\"elementor-element elementor-element-59f463d elementor-shape-circle e-grid-align-left elementor-grid-0 elementor-widget elementor-widget-social-icons\" data-id=\"59f463d\" data-element_type=\"widget\" data-widget_type=\"social-icons.default\">\n\t\t\t\t<div class=\"elementor-widget-container\">\n\t\t\t\t\t\t\t<div class=\"elementor-social-icons-wrapper elementor-grid\">\n\t\t\t\t\t\t\t<span class=\"elementor-grid-item\">\n\t\t\t\t\t<a class=\"elementor-icon elementor-social-icon elementor-social-icon-instagram elementor-repeater-item-0ac73b5\" href=\"https:\/\/www.instagram.com\/isemprealerta?utm_source=ig_web_button_share_sheet&#038;igsh=ZDNlZDc0MzIxNw==\" target=\"_blank\">\n\t\t\t\t\t\t<span class=\"elementor-screen-only\">Instagram<\/span>\n\t\t\t\t\t\t<svg class=\"e-font-icon-svg e-fab-instagram\" viewBox=\"0 0 448 512\" xmlns=\"http:\/\/www.w3.org\/2000\/svg\"><path d=\"M224.1 141c-63.6 0-114.9 51.3-114.9 114.9s51.3 114.9 114.9 114.9S339 319.5 339 255.9 287.7 141 224.1 141zm0 189.6c-41.1 0-74.7-33.5-74.7-74.7s33.5-74.7 74.7-74.7 74.7 33.5 74.7 74.7-33.6 74.7-74.7 74.7zm146.4-194.3c0 14.9-12 26.8-26.8 26.8-14.9 0-26.8-12-26.8-26.8s12-26.8 26.8-26.8 26.8 12 26.8 26.8zm76.1 27.2c-1.7-35.9-9.9-67.7-36.2-93.9-26.2-26.2-58-34.4-93.9-36.2-37-2.1-147.9-2.1-184.9 0-35.8 1.7-67.6 9.9-93.9 36.1s-34.4 58-36.2 93.9c-2.1 37-2.1 147.9 0 184.9 1.7 35.9 9.9 67.7 36.2 93.9s58 34.4 93.9 36.2c37 2.1 147.9 2.1 184.9 0 35.9-1.7 67.7-9.9 93.9-36.2 26.2-26.2 34.4-58 36.2-93.9 2.1-37 2.1-147.8 0-184.8zM398.8 388c-7.8 19.6-22.9 34.7-42.6 42.6-29.5 11.7-99.5 9-132.1 9s-102.7 2.6-132.1-9c-19.6-7.8-34.7-22.9-42.6-42.6-11.7-29.5-9-99.5-9-132.1s-2.6-102.7 9-132.1c7.8-19.6 22.9-34.7 42.6-42.6 29.5-11.7 99.5-9 132.1-9s102.7-2.6 132.1 9c19.6 7.8 34.7 22.9 42.6 42.6 11.7 29.5 9 99.5 9 132.1s2.7 102.7-9 132.1z\"><\/path><\/svg>\t\t\t\t\t<\/a>\n\t\t\t\t<\/span>\n\t\t\t\t\t<\/div>\n\t\t\t\t\t\t<\/div>\n\t\t\t\t<\/div>\n\t\t\t\t\t<\/div>\n\t\t<\/div>\n\t\t\t\t<div class=\"elementor-column elementor-col-25 elementor-inner-column elementor-element elementor-element-ade0d0d\" data-id=\"ade0d0d\" data-element_type=\"column\">\n\t\t\t<div class=\"elementor-widget-wrap elementor-element-populated\">\n\t\t\t\t\t\t<div class=\"elementor-element elementor-element-6e8b0f3 widget footer-widget elementor-widget elementor-widget-wp-widget-nav_menu\" data-id=\"6e8b0f3\" data-element_type=\"widget\" data-widget_type=\"wp-widget-nav_menu.default\">\n\t\t\t\t<div class=\"elementor-widget-container\">\n\t\t\t\t\t<h5>Menu<\/h5><div class=\"menu-main-menu-container\"><ul id=\"menu-main-menu\" class=\"menu\"><li id=\"menu-item-2071\" class=\"menu-item menu-item-type-custom menu-item-object-custom menu-item-2071\"><a href=\"#\">Home<\/a><\/li>\n<li id=\"menu-item-2489\" class=\"menu-item menu-item-type-custom menu-item-object-custom menu-item-2489\"><a href=\"https:\/\/projeto85.doi2versos.com.br\/index.php\/sobre-nos\/\">Sobre N\u00f3s<\/a><\/li>\n<li id=\"menu-item-2698\" class=\"menu-item menu-item-type-post_type menu-item-object-page menu-item-2698\"><a href=\"https:\/\/projeto85.doi2versos.com.br\/index.php\/servicos-2\/\">Servi\u00e7os<\/a><\/li>\n<li id=\"menu-item-2826\" class=\"menu-item menu-item-type-post_type menu-item-object-page menu-item-2826\"><a href=\"https:\/\/projeto85.doi2versos.com.br\/index.php\/galeria\/\">Galeria<\/a><\/li>\n<li id=\"menu-item-1113\" class=\"menu-item menu-item-type-custom menu-item-object-custom menu-item-1113\"><a href=\"https:\/\/projeto85.doi2versos.com.br\/index.php\/blog-grid\/\">Blog<\/a><\/li>\n<li id=\"menu-item-2812\" class=\"menu-item menu-item-type-custom menu-item-object-custom menu-item-2812\"><a href=\"https:\/\/projeto85.doi2versos.com.br\/index.php\/pdf\/\">Espa\u00e7o Transpar\u00eancia<\/a><\/li>\n<li id=\"menu-item-1129\" class=\"menu-item menu-item-type-post_type menu-item-object-page menu-item-1129\"><a href=\"https:\/\/projeto85.doi2versos.com.br\/index.php\/contato\/\">Contato<\/a><\/li>\n<\/ul><\/div>\t\t\t\t<\/div>\n\t\t\t\t<\/div>\n\t\t\t\t\t<\/div>\n\t\t<\/div>\n\t\t\t\t<div class=\"elementor-column elementor-col-25 elementor-inner-column elementor-element elementor-element-3f9f4df\" data-id=\"3f9f4df\" data-element_type=\"column\">\n\t\t\t<div class=\"elementor-widget-wrap elementor-element-populated\">\n\t\t\t\t\t\t<div class=\"elementor-element elementor-element-5ebf641 elementor-widget elementor-widget-wp-widget-foresty_contact_info\" data-id=\"5ebf641\" data-element_type=\"widget\" data-widget_type=\"wp-widget-foresty_contact_info.default\">\n\t\t\t\t<div class=\"elementor-widget-container\">\n\t\t\t\t\t\n\t\t<div class=\"widget_foresty_contact_info\">\n\t\t\t\t\t\t\t<h4 class=\"widget-headline\">Entre em Contato!<\/h4>\n\t\t\t\n\t\t\t<ul class=\"contact_info_list pe-xl-4\">   <li class=\"single-info-item\"> <div class=\"icon\"> <i class=\"fas fa-map-marker-alt\"><\/i><\/div>  <span class=\"details\"> Rua Dr. Jo\u00e3o El\u00edsio 33A <\/span><\/li>   <li class=\"single-info-item\"> <div class=\"icon\"> <i class=\"fa fa-phone\"><\/i> <\/div> <span class=\"details\"> (81) 97101-6266 <\/span><\/li>   <li class=\"single-info-item\"> <div class=\"icon\"> <i class=\"fa fa-envelope\"><\/i><\/div>  <span class=\"details\"> isemprealerta@gmail.com <\/span><\/li><\/ul>\n\t\t<\/div>\n\t\t\t\t\t\t<\/div>\n\t\t\t\t<\/div>\n\t\t\t\t\t<\/div>\n\t\t<\/div>\n\t\t\t\t<div class=\"elementor-column elementor-col-25 elementor-inner-column elementor-element elementor-element-44c3504 widget footer-widget \" data-id=\"44c3504\" data-element_type=\"column\">\n\t\t\t<div class=\"elementor-widget-wrap elementor-element-populated\">\n\t\t\t\t\t\t<div class=\"elementor-element elementor-element-6ac68ae elementor-widget elementor-widget-google_maps\" data-id=\"6ac68ae\" data-element_type=\"widget\" data-widget_type=\"google_maps.default\">\n\t\t\t\t<div class=\"elementor-widget-container\">\n\t\t\t\t\t\t\t<div class=\"elementor-custom-embed\">\n\t\t\t<iframe loading=\"lazy\"\n\t\t\t\t\tsrc=\"https:\/\/maps.google.com\/maps?q=London%20Eye%2C%20London%2C%20United%20Kingdom&#038;t=m&#038;z=10&#038;output=embed&#038;iwloc=near\"\n\t\t\t\t\ttitle=\"London Eye, London, United Kingdom\"\n\t\t\t\t\taria-label=\"London Eye, London, United Kingdom\"\n\t\t\t><\/iframe>\n\t\t<\/div>\n\t\t\t\t\t\t<\/div>\n\t\t\t\t<\/div>\n\t\t\t\t\t<\/div>\n\t\t<\/div>\n\t\t\t\t\t<\/div>\n\t\t<\/section>\n\t\t\t\t<section class=\"elementor-section elementor-inner-section elementor-element elementor-element-5df8cae elementor-section-boxed elementor-section-height-default elementor-section-height-default\" data-id=\"5df8cae\" data-element_type=\"section\">\n\t\t\t\t\t\t<div class=\"elementor-container elementor-column-gap-default\">\n\t\t\t\t\t<div class=\"elementor-column elementor-col-100 elementor-inner-column elementor-element elementor-element-e25795a\" data-id=\"e25795a\" data-element_type=\"column\">\n\t\t\t<div class=\"elementor-widget-wrap\">\n\t\t\t\t\t\t\t<\/div>\n\t\t<\/div>\n\t\t\t\t\t<\/div>\n\t\t<\/section>\n\t\t\t\t\t<\/div>\n\t\t<\/div>\n\t\t\t\t\t<\/div>\n\t\t<\/section>\n\t\t\t\t<\/div>\n\t\t","protected":false},"excerpt":{"rendered":"<p>Entre em contato conosco Envie sua mensagem e entraremos em contato o mais breve poss\u00edvel. Se preferir, utilize nossos canais de atendimento direto. Rua Dr. Jo\u00e3o Elisio 33A (81) 97101-6266 isemprealerta@gmail.com Desde 1917, educando gera\u00e7\u00f5es e formando l\u00edderes para um futuro melhor. Compromisso com valores escoteiros e a comunidade. Instagram<\/p>\n","protected":false},"author":1,"featured_media":0,"parent":0,"menu_order":0,"comment_status":"closed","ping_status":"closed","template":"","meta":{"give_campaign_id":0,"inline_featured_image":false,"footnotes":""},"class_list":["post-1124","page","type-page","status-publish","hentry"],"aioseo_notices":[],"campaignId":"","_links":{"self":[{"href":"https:\/\/projeto85.doi2versos.com.br\/index.php\/wp-json\/wp\/v2\/pages\/1124","targetHints":{"allow":["GET"]}}],"collection":[{"href":"https:\/\/projeto85.doi2versos.com.br\/index.php\/wp-json\/wp\/v2\/pages"}],"about":[{"href":"https:\/\/projeto85.doi2versos.com.br\/index.php\/wp-json\/wp\/v2\/types\/page"}],"author":[{"embeddable":true,"href":"https:\/\/projeto85.doi2versos.com.br\/index.php\/wp-json\/wp\/v2\/users\/1"}],"replies":[{"embeddable":true,"href":"https:\/\/projeto85.doi2versos.com.br\/index.php\/wp-json\/wp\/v2\/comments?post=1124"}],"version-history":[{"count":8,"href":"https:\/\/projeto85.doi2versos.com.br\/index.php\/wp-json\/wp\/v2\/pages\/1124\/revisions"}],"predecessor-version":[{"id":2785,"href":"https:\/\/projeto85.doi2versos.com.br\/index.php\/wp-json\/wp\/v2\/pages\/1124\/revisions\/2785"}],"wp:attachment":[{"href":"https:\/\/projeto85.doi2versos.com.br\/index.php\/wp-json\/wp\/v2\/media?parent=1124"}],"curies":[{"name":"wp","href":"https:\/\/api.w.org\/{rel}","templated":true}]}}